{"id":978,"date":"2020-07-02T20:09:18","date_gmt":"2020-07-02T18:09:18","guid":{"rendered":"https:\/\/bedburg-lebt-demokratie.de\/?page_id=978"},"modified":"2025-06-30T16:12:13","modified_gmt":"2025-06-30T14:12:13","slug":"mitmachen","status":"publish","type":"page","link":"https:\/\/bedburg-lebt-demokratie.de\/?page_id=978","title":{"rendered":"Mitmachen"},"content":{"rendered":"<div class=\"fusion-fullwidth fullwidth-box fusion-builder-row-1 nonhundred-percent-fullwidth non-hundred-percent-height-scrolling\"  style='background-color: #f2f2f2;background-position: left top;background-repeat: no-repeat;padding-top:125px;padding-right:0px;padding-bottom:100px;padding-left:0px;border-top-width:0px;border-bottom-width:0px;border-color:#eaeaea;border-top-style:solid;border-bottom-style:solid;'><div class=\"fusion-builder-row fusion-row \"><div  class=\"fusion-layout-column fusion_builder_column fusion_builder_column_1_1 fusion-builder-column-0 fusion-one-full fusion-column-first fusion-column-last 1_1\"  style='margin-top:0px;margin-bottom:0px;'><div class=\"fusion-column-wrapper\" style=\"padding: 0px 14% 0px 14%;background-position:left top;background-repeat:no-repeat;-webkit-background-size:cover;-moz-background-size:cover;-o-background-size:cover;background-size:cover;\"   data-bg-url=\"\"><div class=\"fusion-text\"><p style=\"font-size: 16px; text-align: center; letter-spacing: 6px;\"><span style=\"color: #525252;\"><strong>SIE M\u00d6CHTEN AKTIV WERDEN UND SICH ENGAGIEREN?<\/strong><\/span><\/p>\n<\/div><div class=\"fusion-sep-clear\"><\/div><div class=\"fusion-separator fusion-full-width-sep sep-none\" style=\"margin-left: auto;margin-right: auto;margin-top:5px;\"><\/div><div class=\"fusion-text\"><p style=\"font-size: 30px; line-height: 48px; font-weight: 300; text-align: center;\">In unserem Projekt gibt es verschiedene M\u00f6glichkeiten, mitzumachen.<br \/>\nHier werden alle vorgestellt:<\/p>\n<\/div><div class=\"fusion-sep-clear\"><\/div><div class=\"fusion-separator fusion-full-width-sep sep-double\" style=\"border-color:#eaeaea;border-top-width:1px;border-bottom-width:1px;margin-left: auto;margin-right: auto;margin-top:;\"><\/div><div class=\"fusion-clearfix\"><\/div><\/div><\/div><div  class=\"fusion-layout-column fusion_builder_column fusion_builder_column_1_3 fusion-builder-column-1 fusion-one-third fusion-column-first 1_3\"  style='margin-top:0px;margin-bottom:20px;width:33.33%;width:calc(33.33% - ( ( 4% + 4% ) * 0.3333 ) );margin-right: 4%;'><div class=\"fusion-column-wrapper\" style=\"padding: 0px 0px 0px 0px;background-position:left top;background-repeat:no-repeat;-webkit-background-size:cover;-moz-background-size:cover;-o-background-size:cover;background-size:cover;\"   data-bg-url=\"\"><span class=\"fusion-imageframe imageframe-none imageframe-1 hover-type-none\"><img loading=\"lazy\" decoding=\"async\" src=\"https:\/\/bedburg-lebt-demokratie.de\/wp-content\/uploads\/2025\/05\/PXL_20250508_173110360-scaled-e1751290773166-300x195.jpg\" width=\"300\" height=\"195\" alt=\"\" title=\"PXL_20250508_173110360\" class=\"img-responsive wp-image-1685\" srcset=\"https:\/\/bedburg-lebt-demokratie.de\/wp-content\/uploads\/2025\/05\/PXL_20250508_173110360-scaled-e1751290773166-200x130.jpg 200w, https:\/\/bedburg-lebt-demokratie.de\/wp-content\/uploads\/2025\/05\/PXL_20250508_173110360-scaled-e1751290773166-400x261.jpg 400w, https:\/\/bedburg-lebt-demokratie.de\/wp-content\/uploads\/2025\/05\/PXL_20250508_173110360-scaled-e1751290773166-600x391.jpg 600w, https:\/\/bedburg-lebt-demokratie.de\/wp-content\/uploads\/2025\/05\/PXL_20250508_173110360-scaled-e1751290773166-800x521.jpg 800w, https:\/\/bedburg-lebt-demokratie.de\/wp-content\/uploads\/2025\/05\/PXL_20250508_173110360-scaled-e1751290773166-1200x782.jpg 1200w\" sizes=\"auto, (max-width: 800px) 100vw, 400px\" \/><\/span><div class=\"fusion-text\"><h4><strong>B\u00fcndnis f\u00fcr Demokratie<\/strong><\/h4>\n<p>Im B\u00fcndnis f\u00fcr Demokratie k\u00f6nnen alle B\u00fcrger*innen mitmachen, die sich f\u00fcr Vielfalt und Demokratie in Bedburg einsetzen m\u00f6chten. Es finden 2-3 Treffen pro Jahr statt. Schwerpunkt der Arbeit ist die inhaltliche Besprechung unserer Hauptziele und Handlungsfelder, damit wir in diesem Themen immer Up to Date bleiben und die Ideen der B\u00fcrger*innen mit in die konkrete Arbeit nehmen.<\/p>\n<\/div><div class=\"fusion-clearfix\"><\/div><\/div><\/div><div  class=\"fusion-layout-column fusion_builder_column fusion_builder_column_1_3 fusion-builder-column-2 fusion-one-third 1_3\"  style='margin-top:0px;margin-bottom:20px;width:33.33%;width:calc(33.33% - ( ( 4% + 4% ) * 0.3333 ) );margin-right: 4%;'><div class=\"fusion-column-wrapper\" style=\"padding: 0px 0px 0px 0px;background-position:left top;background-repeat:no-repeat;-webkit-background-size:cover;-moz-background-size:cover;-o-background-size:cover;background-size:cover;\"   data-bg-url=\"\"><span class=\"fusion-imageframe imageframe-none imageframe-2 hover-type-none\"><img loading=\"lazy\" decoding=\"async\" src=\"https:\/\/bedburg-lebt-demokratie.de\/wp-content\/uploads\/2025\/05\/PXL_20250508_173744067-scaled-e1751290523561-300x182.jpg\" width=\"300\" height=\"182\" alt=\"\" title=\"PXL_20250508_173744067\" class=\"img-responsive wp-image-1684\" srcset=\"https:\/\/bedburg-lebt-demokratie.de\/wp-content\/uploads\/2025\/05\/PXL_20250508_173744067-scaled-e1751290523561-200x121.jpg 200w, https:\/\/bedburg-lebt-demokratie.de\/wp-content\/uploads\/2025\/05\/PXL_20250508_173744067-scaled-e1751290523561-400x243.jpg 400w, https:\/\/bedburg-lebt-demokratie.de\/wp-content\/uploads\/2025\/05\/PXL_20250508_173744067-scaled-e1751290523561-600x364.jpg 600w, https:\/\/bedburg-lebt-demokratie.de\/wp-content\/uploads\/2025\/05\/PXL_20250508_173744067-scaled-e1751290523561-800x485.jpg 800w, https:\/\/bedburg-lebt-demokratie.de\/wp-content\/uploads\/2025\/05\/PXL_20250508_173744067-scaled-e1751290523561-1200x728.jpg 1200w\" sizes=\"auto, (max-width: 800px) 100vw, 400px\" \/><\/span><div class=\"fusion-text\"><h4><strong>Begleitausschuss<\/strong><\/h4>\n<p>Der Begleitausschuss ist eine Untergruppe des B\u00fcndnisses f\u00fcr Demokratie und besteht aus maximal 20 Mitglieder*innen zzgl. einem Mitglied pro Fraktion im Rat der Stadt Bedburg. Hier werden Projektantr\u00e4ge von Vereinen und Initiativen diskutiert, die F\u00f6rdergelder aus dem Aktions- und Innovationsfonds bekommen m\u00f6chten. Der Ausschuss tagt ca. 4 Mal im Jahr um \u00fcber die Antr\u00e4ge zu entscheiden. Aktuell ist der Ausschuss voll besetzt.<\/p>\n<\/div><div class=\"fusion-clearfix\"><\/div><\/div><\/div><div  class=\"fusion-layout-column fusion_builder_column fusion_builder_column_1_3 fusion-builder-column-3 fusion-one-third fusion-column-last 1_3\"  style='margin-top:0px;margin-bottom:20px;width:33.33%;width:calc(33.33% - ( ( 4% + 4% ) * 0.3333 ) );'><div class=\"fusion-column-wrapper\" style=\"padding: 0px 0px 0px 0px;background-position:left top;background-repeat:no-repeat;-webkit-background-size:cover;-moz-background-size:cover;-o-background-size:cover;background-size:cover;\"   data-bg-url=\"\"><span class=\"fusion-imageframe imageframe-none imageframe-3 hover-type-none\"><img loading=\"lazy\" decoding=\"async\" src=\"https:\/\/bedburg-lebt-demokratie.de\/wp-content\/uploads\/2024\/04\/44a5db8e-ce36-4952-8962-35e42d8a9a65-scaled-e1751290900253-300x182.jpg\" width=\"300\" height=\"182\" alt=\"\" title=\"44a5db8e-ce36-4952-8962-35e42d8a9a65\" class=\"img-responsive wp-image-1591\" srcset=\"https:\/\/bedburg-lebt-demokratie.de\/wp-content\/uploads\/2024\/04\/44a5db8e-ce36-4952-8962-35e42d8a9a65-scaled-e1751290900253-200x121.jpg 200w, https:\/\/bedburg-lebt-demokratie.de\/wp-content\/uploads\/2024\/04\/44a5db8e-ce36-4952-8962-35e42d8a9a65-scaled-e1751290900253-400x243.jpg 400w, https:\/\/bedburg-lebt-demokratie.de\/wp-content\/uploads\/2024\/04\/44a5db8e-ce36-4952-8962-35e42d8a9a65-scaled-e1751290900253-600x364.jpg 600w, https:\/\/bedburg-lebt-demokratie.de\/wp-content\/uploads\/2024\/04\/44a5db8e-ce36-4952-8962-35e42d8a9a65-scaled-e1751290900253-800x485.jpg 800w, https:\/\/bedburg-lebt-demokratie.de\/wp-content\/uploads\/2024\/04\/44a5db8e-ce36-4952-8962-35e42d8a9a65-scaled-e1751290900253-1200x728.jpg 1200w\" sizes=\"auto, (max-width: 800px) 100vw, 400px\" \/><\/span><div class=\"fusion-text\"><h4><strong>Jugendforum<\/strong><\/h4>\n<p>F\u00fcr alle unter 21 gibt es die M\u00f6glichkeit, selbst mit \u00fcber einen eigenen Fonds zu entscheiden. Es finden vier feste Treffen im Jahr statt, bei denen inhaltlich \u00fcber m\u00f6gliche Projekte und Themen diskutiert werden und eigene Ideen vorgestellt werden k\u00f6nnen. Die RheinFlanke als Koordinierungsstelle f\u00fcr die Jugend ist am Schulzentrum t\u00e4glich ansprechbar, wenn Jugendliche Themen oder Ideen ins Jugendforum einbringen m\u00f6chten.<\/p>\n<\/div><div class=\"fusion-clearfix\"><\/div><\/div><\/div><div  class=\"fusion-layout-column fusion_builder_column fusion_builder_column_1_3 fusion-builder-column-4 fusion-one-third fusion-column-first 1_3\"  style='margin-top:0px;margin-bottom:20px;width:33.33%;width:calc(33.33% - ( ( 4% + 4% ) * 0.3333 ) );margin-right: 4%;'><div class=\"fusion-column-wrapper\" style=\"padding: 0px 0px 0px 0px;background-position:left top;background-repeat:no-repeat;-webkit-background-size:cover;-moz-background-size:cover;-o-background-size:cover;background-size:cover;\"   data-bg-url=\"\"><span class=\"fusion-imageframe imageframe-none imageframe-4 hover-type-none\"><img loading=\"lazy\" decoding=\"async\" src=\"https:\/\/bedburg-lebt-demokratie.de\/wp-content\/uploads\/2020\/08\/Demokratieforum-4-300x200.jpeg\" width=\"300\" height=\"200\" alt=\"\" title=\"Demokratieforum (4)\" class=\"img-responsive wp-image-1162\" srcset=\"https:\/\/bedburg-lebt-demokratie.de\/wp-content\/uploads\/2020\/08\/Demokratieforum-4-200x133.jpeg 200w, https:\/\/bedburg-lebt-demokratie.de\/wp-content\/uploads\/2020\/08\/Demokratieforum-4-400x267.jpeg 400w, https:\/\/bedburg-lebt-demokratie.de\/wp-content\/uploads\/2020\/08\/Demokratieforum-4-600x400.jpeg 600w, https:\/\/bedburg-lebt-demokratie.de\/wp-content\/uploads\/2020\/08\/Demokratieforum-4-800x533.jpeg 800w, https:\/\/bedburg-lebt-demokratie.de\/wp-content\/uploads\/2020\/08\/Demokratieforum-4-1200x800.jpeg 1200w\" sizes=\"auto, (max-width: 800px) 100vw, 400px\" \/><\/span><div class=\"fusion-text\"><h4><strong>Demokratiekonferenz<\/strong><\/h4>\n<p>Einmal im Jahr findet unsere Demokratiekonferenz, das &#8220;Demokratieforum&#8221; statt. Hier pr\u00e4sentieren wir die Aktionen und Projekte des Jahres, laden aber auch je mit unterschiedlichen Schwerpunktthemen zum Mitmachen ein. Ob bei kreativen Angeboten oder inhaltlichen Aufgabenstellungen, hier k\u00f6nnen Sie sich informieren, aber auch Demokratie vor Ort erfahren und mitgestalten.<\/p>\n<\/div><div class=\"fusion-clearfix\"><\/div><\/div><\/div><div  class=\"fusion-layout-column fusion_builder_column fusion_builder_column_1_3 fusion-builder-column-5 fusion-one-third 1_3\"  style='margin-top:0px;margin-bottom:20px;width:33.33%;width:calc(33.33% - ( ( 4% + 4% ) * 0.3333 ) );margin-right: 4%;'><div class=\"fusion-column-wrapper\" style=\"padding: 0px 0px 0px 0px;background-position:left top;background-repeat:no-repeat;-webkit-background-size:cover;-moz-background-size:cover;-o-background-size:cover;background-size:cover;\"   data-bg-url=\"\"><span class=\"fusion-imageframe imageframe-none imageframe-5 hover-type-none\"><img loading=\"lazy\" decoding=\"async\" src=\"https:\/\/bedburg-lebt-demokratie.de\/wp-content\/uploads\/2015\/10\/001-300x200.jpg\" width=\"300\" height=\"200\" alt=\"\" title=\"001\" class=\"img-responsive wp-image-1041\" srcset=\"https:\/\/bedburg-lebt-demokratie.de\/wp-content\/uploads\/2015\/10\/001-200x133.jpg 200w, https:\/\/bedburg-lebt-demokratie.de\/wp-content\/uploads\/2015\/10\/001-400x267.jpg 400w, https:\/\/bedburg-lebt-demokratie.de\/wp-content\/uploads\/2015\/10\/001-600x400.jpg 600w, https:\/\/bedburg-lebt-demokratie.de\/wp-content\/uploads\/2015\/10\/001-800x533.jpg 800w, https:\/\/bedburg-lebt-demokratie.de\/wp-content\/uploads\/2015\/10\/001-1200x800.jpg 1200w, https:\/\/bedburg-lebt-demokratie.de\/wp-content\/uploads\/2015\/10\/001.jpg 1280w\" sizes=\"auto, (max-width: 800px) 100vw, 400px\" \/><\/span><div class=\"fusion-text\"><h4><strong>Aktionstage<\/strong><\/h4>\n<p>Wir haben fixe Aktionstage, die wir jedes Jahr anbieten: den Weltfrauentag, die Europawochen, das Fest der Kulturen, den Weltkinder-\/Weltfriedenstag und den Gedenktag zur Reichspogromnacht. In Wahljahren finden au\u00dferdem Aktionen zur Wahl statt. Eindr\u00fccke der letzten Jahre k\u00f6nnen Sie hier auf der Seite finden. Die Termine und Themen finden Sie hier auf der Seite oder auf unserem Instagram-Account @bedburglebtdemokratie<\/p>\n<\/div><div class=\"fusion-clearfix\"><\/div><\/div><\/div><div  class=\"fusion-layout-column fusion_builder_column fusion_builder_column_1_3 fusion-builder-column-6 fusion-one-third fusion-column-last 1_3\"  style='margin-top:0px;margin-bottom:20px;width:33.33%;width:calc(33.33% - ( ( 4% + 4% ) * 0.3333 ) );'><div class=\"fusion-column-wrapper\" style=\"padding: 0px 0px 0px 0px;background-position:left top;background-repeat:no-repeat;-webkit-background-size:cover;-moz-background-size:cover;-o-background-size:cover;background-size:cover;\"   data-bg-url=\"\"><span class=\"fusion-imageframe imageframe-none imageframe-6 hover-type-none\"><img loading=\"lazy\" decoding=\"async\" src=\"https:\/\/bedburg-lebt-demokratie.de\/wp-content\/uploads\/2023\/11\/White_Lies-6-300x196.jpg\" width=\"300\" height=\"196\" alt=\"\" title=\"White_Lies (6)\" class=\"img-responsive wp-image-1471\" srcset=\"https:\/\/bedburg-lebt-demokratie.de\/wp-content\/uploads\/2023\/11\/White_Lies-6-200x130.jpg 200w, https:\/\/bedburg-lebt-demokratie.de\/wp-content\/uploads\/2023\/11\/White_Lies-6-400x261.jpg 400w, https:\/\/bedburg-lebt-demokratie.de\/wp-content\/uploads\/2023\/11\/White_Lies-6-600x391.jpg 600w, https:\/\/bedburg-lebt-demokratie.de\/wp-content\/uploads\/2023\/11\/White_Lies-6-800x522.jpg 800w, https:\/\/bedburg-lebt-demokratie.de\/wp-content\/uploads\/2023\/11\/White_Lies-6-1200x782.jpg 1200w\" sizes=\"auto, (max-width: 800px) 100vw, 400px\" \/><\/span><div class=\"fusion-text\"><h4><strong>Projektantr\u00e4ge<\/strong><\/h4>\n<p>Wir verf\u00fcgen \u00fcber einen Fonds, \u00fcber den wir Projekte von Vereinen und Initiativen f\u00f6rdern k\u00f6nnen. Sollten Sie auch einen Projektidee haben, sprechen Sie uns einfach an. Wir vernetzen Sie auch gerne mit einem passenden Verein, der dann antragsberechtigt f\u00fcr ihr Projekt w\u00e4re. Das Antragsformular finden Sie <strong><a href=\"https:\/\/bedburg-lebt-demokratie.de\/wp-content\/uploads\/2025\/06\/Antrag-neu-ausfuellbar.pdf\">hier<\/a><\/strong>. Sollte ihr Antrag schon bewilligt worden sein, finden Sie hier eine Checkliste f\u00fcr Projekte und die Unterlagen zur Abrechnung.<\/p>\n<\/div><div class=\"fusion-clearfix\"><\/div><\/div><\/div><\/div><\/div>\n","protected":false},"excerpt":{"rendered":"","protected":false},"author":2,"featured_media":0,"parent":0,"menu_order":0,"comment_status":"closed","ping_status":"closed","template":"100-width.php","meta":{"_bbp_topic_count":0,"_bbp_reply_count":0,"_bbp_total_topic_count":0,"_bbp_total_reply_count":0,"_bbp_voice_count":0,"_bbp_anonymous_reply_count":0,"_bbp_topic_count_hidden":0,"_bbp_reply_count_hidden":0,"_bbp_forum_subforum_count":0,"footnotes":""},"class_list":["post-978","page","type-page","status-publish","hentry"],"_links":{"self":[{"href":"https:\/\/bedburg-lebt-demokratie.de\/index.php?rest_route=\/wp\/v2\/pages\/978","targetHints":{"allow":["GET"]}}],"collection":[{"href":"https:\/\/bedburg-lebt-demokratie.de\/index.php?rest_route=\/wp\/v2\/pages"}],"about":[{"href":"https:\/\/bedburg-lebt-demokratie.de\/index.php?rest_route=\/wp\/v2\/types\/page"}],"author":[{"embeddable":true,"href":"https:\/\/bedburg-lebt-demokratie.de\/index.php?rest_route=\/wp\/v2\/users\/2"}],"replies":[{"embeddable":true,"href":"https:\/\/bedburg-lebt-demokratie.de\/index.php?rest_route=%2Fwp%2Fv2%2Fcomments&post=978"}],"version-history":[{"count":32,"href":"https:\/\/bedburg-lebt-demokratie.de\/index.php?rest_route=\/wp\/v2\/pages\/978\/revisions"}],"predecessor-version":[{"id":1702,"href":"https:\/\/bedburg-lebt-demokratie.de\/index.php?rest_route=\/wp\/v2\/pages\/978\/revisions\/1702"}],"wp:attachment":[{"href":"https:\/\/bedburg-lebt-demokratie.de\/index.php?rest_route=%2Fwp%2Fv2%2Fmedia&parent=978"}],"curies":[{"name":"wp","href":"https:\/\/api.w.org\/{rel}","templated":true}]}}